{"id":17,"date":"2023-01-08T15:17:22","date_gmt":"2023-01-08T15:17:22","guid":{"rendered":"https:\/\/www.sibilatrix.lv\/?page_id=17"},"modified":"2024-07-05T13:38:12","modified_gmt":"2024-07-05T13:38:12","slug":"about","status":"publish","type":"page","link":"https:\/\/www.sibilatrix.lv\/?page_id=17","title":{"rendered":"Par SIBILATRIX"},"content":{"rendered":"\n<p>M\u0113s ticam, ka cilv\u0113cei nepiecie\u0161ams att\u012bst\u012bties un l\u012bdzpast\u0101v\u0113t dabai. Esam gatavi doties kop\u0101 uz \u0161o m\u0113r\u0137i.<br><br>SIBILATRIX speci\u0101liz\u0113jas dabas ekspertu pakalpojumos, kuru m\u0113r\u0137is ir nodro\u0161in\u0101t ilgtsp\u0113j\u012bgu att\u012bst\u012bbu un l\u012bdzsvaru starp cilv\u0113ku un dabas interes\u0113m.<\/p>\n\n\n\n<p>SIBILATRIX speci\u0101liz\u0113jas ornitolo\u0123iskajos p\u0113t\u012bjumos, kas saist\u012bti ar v\u0113ja ener\u0123ijas projektiem.<br>SIBILATRIX bijis l\u012bdz\u0101s vair\u0101k k\u0101 10 v\u0113ja ener\u0123ijas projektu izstr\u0101d\u0113, k\u0101 ar\u012b v\u0113ja parku un putnu vadl\u012bniju izstr\u0101d\u0113.<\/p>\n","protected":false},"excerpt":{"rendered":"<p>M\u0113s ticam, ka cilv\u0113cei nepiecie\u0161ams att\u012bst\u012bties un l\u012bdzpast\u0101v\u0113t dabai. Esam gatavi doties kop\u0101 uz \u0161o m\u0113r\u0137i. SIBILATRIX speci\u0101liz\u0113jas dabas ekspertu pakalpojumos, kuru m\u0113r\u0137is ir nodro\u0161in\u0101t ilgtsp\u0113j\u012bgu att\u012bst\u012bbu un l\u012bdzsvaru starp cilv\u0113ku un dabas interes\u0113m. SIBILATRIX speci\u0101liz\u0113jas ornitolo\u0123iskajos p\u0113t\u012bjumos, kas saist\u012bti ar v\u0113ja ener\u0123ijas projektiem.SIBILATRIX bijis l\u012bdz\u0101s vair\u0101k k\u0101 10 v\u0113ja ener\u0123ijas projektu izstr\u0101d\u0113, k\u0101 ar\u012b &hellip; <\/p>\n<p class=\"link-more\"><a href=\"https:\/\/www.sibilatrix.lv\/?page_id=17\" class=\"more-link\">Continue reading<span class=\"screen-reader-text\"> &#8220;Par SIBILATRIX&#8221;<\/span><\/a><\/p>\n","protected":false},"author":1,"featured_media":49,"parent":0,"menu_order":0,"comment_status":"closed","ping_status":"closed","template":"","meta":{"footnotes":""},"class_list":["post-17","page","type-page","status-publish","has-post-thumbnail","hentry"],"_links":{"self":[{"href":"https:\/\/www.sibilatrix.lv\/index.php?rest_route=\/wp\/v2\/pages\/17","targetHints":{"allow":["GET"]}}],"collection":[{"href":"https:\/\/www.sibilatrix.lv\/index.php?rest_route=\/wp\/v2\/pages"}],"about":[{"href":"https:\/\/www.sibilatrix.lv\/index.php?rest_route=\/wp\/v2\/types\/page"}],"author":[{"embeddable":true,"href":"https:\/\/www.sibilatrix.lv\/index.php?rest_route=\/wp\/v2\/users\/1"}],"replies":[{"embeddable":true,"href":"https:\/\/www.sibilatrix.lv\/index.php?rest_route=%2Fwp%2Fv2%2Fcomments&post=17"}],"version-history":[{"count":10,"href":"https:\/\/www.sibilatrix.lv\/index.php?rest_route=\/wp\/v2\/pages\/17\/revisions"}],"predecessor-version":[{"id":151,"href":"https:\/\/www.sibilatrix.lv\/index.php?rest_route=\/wp\/v2\/pages\/17\/revisions\/151"}],"wp:featuredmedia":[{"embeddable":true,"href":"https:\/\/www.sibilatrix.lv\/index.php?rest_route=\/wp\/v2\/media\/49"}],"wp:attachment":[{"href":"https:\/\/www.sibilatrix.lv\/index.php?rest_route=%2Fwp%2Fv2%2Fmedia&parent=17"}],"curies":[{"name":"wp","href":"https:\/\/api.w.org\/{rel}","templated":true}]}}