{"id":114,"date":"2023-01-12T18:06:35","date_gmt":"2023-01-12T18:06:35","guid":{"rendered":"https:\/\/www.sibilatrix.lv\/?page_id=114"},"modified":"2023-01-22T15:42:01","modified_gmt":"2023-01-22T15:42:01","slug":"vides-aizsardzibas-un-cilveces-attistibas-lidzsvars","status":"publish","type":"page","link":"https:\/\/www.sibilatrix.lv\/?page_id=114","title":{"rendered":"| Vides aizsardz\u012bbas un cilv\u0113ces att\u012bst\u012bbas l\u012bdzsvars"},"content":{"rendered":"\n<p>Ekspertu atzinumi, monitorings, datu anal\u012bze, putnu uzskaites, lielo ligzdu monitorings, tie\u0161saistes kameru uzst\u0101d\u012b\u0161ana un kontrole.<\/p>\n\n\n\n<p><\/p>\n","protected":false},"excerpt":{"rendered":"<p>Ekspertu atzinumi, monitorings, datu anal\u012bze, putnu uzskaites, lielo ligzdu monitorings, tie\u0161saistes kameru uzst\u0101d\u012b\u0161ana un kontrole.<\/p>\n","protected":false},"author":1,"featured_media":0,"parent":0,"menu_order":0,"comment_status":"closed","ping_status":"closed","template":"","meta":{"footnotes":""},"class_list":["post-114","page","type-page","status-publish","hentry"],"_links":{"self":[{"href":"https:\/\/www.sibilatrix.lv\/index.php?rest_route=\/wp\/v2\/pages\/114","targetHints":{"allow":["GET"]}}],"collection":[{"href":"https:\/\/www.sibilatrix.lv\/index.php?rest_route=\/wp\/v2\/pages"}],"about":[{"href":"https:\/\/www.sibilatrix.lv\/index.php?rest_route=\/wp\/v2\/types\/page"}],"author":[{"embeddable":true,"href":"https:\/\/www.sibilatrix.lv\/index.php?rest_route=\/wp\/v2\/users\/1"}],"replies":[{"embeddable":true,"href":"https:\/\/www.sibilatrix.lv\/index.php?rest_route=%2Fwp%2Fv2%2Fcomments&post=114"}],"version-history":[{"count":2,"href":"https:\/\/www.sibilatrix.lv\/index.php?rest_route=\/wp\/v2\/pages\/114\/revisions"}],"predecessor-version":[{"id":145,"href":"https:\/\/www.sibilatrix.lv\/index.php?rest_route=\/wp\/v2\/pages\/114\/revisions\/145"}],"wp:attachment":[{"href":"https:\/\/www.sibilatrix.lv\/index.php?rest_route=%2Fwp%2Fv2%2Fmedia&parent=114"}],"curies":[{"name":"wp","href":"https:\/\/api.w.org\/{rel}","templated":true}]}}